{"id":108,"date":"2016-08-06T12:10:48","date_gmt":"2016-08-06T12:10:48","guid":{"rendered":"http:\/\/www.compagniechantalgondang.com\/?page_id=108"},"modified":"2018-04-27T11:42:05","modified_gmt":"2018-04-27T11:42:05","slug":"letre-au-corps","status":"publish","type":"page","link":"http:\/\/www.compagniechantalgondang.com\/?page_id=108","title":{"rendered":"L&rsquo;\u00catre au Corps"},"content":{"rendered":"<div class=\"column\">\n<p style=\"text-align: justify;\"><strong><em>L&rsquo;\u00catre au Corps<\/em> a \u00e9t\u00e9 cr\u00e9\u00e9 en r\u00e9sidence \u00e0 l&rsquo;Espace Paul Val\u00e9ry (Le Plessis-Tr\u00e9vise, 94, France)<\/strong><\/p>\n<p style=\"text-align: justify;\">L\u2019\u00catre au corps est un chemin de vie. Quatre tableaux d\u00e9clinent l\u2019existence d\u2019un \u00eatre humain, mettant en exergue quatre \u00e9tapes importantes de la vie : le corps n\u00e9, le corps nu, le corps beau, le corps sage.<\/p>\n<p style=\"text-align: justify;\">Le spectacle s\u2019appuie sur une rencontre entre la danse contemporaine et le chant lyrique. La chanteuse, corps musical par excellence, \u00e9volue en interaction avec les danseurs tout au long de la repr\u00e9sentation.<\/p>\n<p>&nbsp;<\/p>\n<p><iframe loading=\"lazy\" src=\"https:\/\/player.vimeo.com\/video\/41195990\" width=\"640\" height=\"360\" frameborder=\"0\" allowfullscreen=\"allowfullscreen\"><\/iframe><\/p>\n<p>&nbsp;<\/p>\n<h3 style=\"text-align: justify;\">LES TABLEAUX<\/h3>\n<p style=\"text-align: justify;\"><strong>Le corps n\u00e9 : l\u2019origine de la vie &#8211; <\/strong><em>douleur, d\u00e9livrance, joie<\/em><strong><br \/>\n<\/strong><\/p>\n<p style=\"text-align: justify;\">Un \u00eatre innocent est introduit dans le monde, avec sa propre personnalit\u00e9 qui se forgera au fil de ses exp\u00e9riences, suivant l\u2019endroit o\u00f9 il na\u00eet, son sexe, son \u00e9ducation&#8230;<br \/>\nLa naissance est d\u00e9peinte comme l\u2019entr\u00e9e de l\u2019enfant dans la communaut\u00e9 qui va l\u2019adopter.<\/p>\n<p style=\"text-align: justify;\"><strong>Le corps nu : puret\u00e9 du corps, puret\u00e9 de l\u2019\u00eatre &#8211; <\/strong><em>Innocence, transparence, pudeur<\/em><strong><br \/>\n<\/strong><\/p>\n<p style=\"text-align: justify;\">La nudit\u00e9 du corps incarne la puret\u00e9 de l\u2019innocence, elle appara\u00eet comme naturelle et originelle.<br \/>\nL\u2019enfant avance vers la maturit\u00e9, il est confront\u00e9 \u00e0 la pudeur : la nudit\u00e9, devenue tabou, ne va plus de soi et devient source d\u2019incertitudes. La chor\u00e9graphie est ax\u00e9e sur le rapport au corps, souvent diff\u00e9rent suivant le milieu dans lequel on \u00e9volue, suivant l\u2019exp\u00e9rience corporelle et le v\u00e9cu de chacun. Comment l\u2019\u00eatre humain perc\u0327oit-il sa nudit\u00e9 et celle des autres ?<\/p>\n<p style=\"text-align: justify;\"><strong>Le corps beau : la qu\u00eate inaccessible &#8211; <\/strong><em>Amour, ve\u0301rit\u00e9, qu\u00eate<\/em><strong><br \/>\n<\/strong><\/p>\n<p style=\"text-align: justify;\">La qu\u00eate de l\u2019id\u00e9al est incarn\u00e9e par la beaut\u00e9 du corps et sa perfectibilit\u00e9. La recherche de l\u2019id\u00e9al est vaine, mais elle est au c\u0153ur de la vie et source de richesses : \u00abLe bonheur n\u2019est pas au bout du chemin, le bonheur c\u2019est le chemin \u00bb.<\/p>\n<p style=\"text-align: justify;\"><strong>Le corps sage : l\u2019aboutissement d\u2019une vie &#8211; <\/strong><em>Accomplissement, tristesse, joie<\/em><strong><br \/>\n<\/strong><\/p>\n<p style=\"text-align: justify;\">\u00abChacun, parce qu\u2019il pense, est seul responsable de la sagesse ou de la folie de sa vie, c\u2019est-a\u0300-dire de sa destin\u00e9e \u00bb Platon.<br \/>\nLes \u00eatres et les corps ont pratiqu\u00e9 la vie, sont arriv\u00e9s a\u0300 maturit\u00e9. Le corps est fatigu\u00e9, l\u2019\u00eatre est a\u0300 son apoge\u00e9e. Chacun est son propre reflet, avec sa personnalit\u00e9 accomplie.<\/p>\n<p style=\"text-align: justify;\"><img loading=\"lazy\" decoding=\"async\" class=\"aligncenter wp-image-251 size-full\" src=\"http:\/\/www.compagniechantalgondang.com\/wp-content\/uploads\/2016\/08\/l-etre-au-corps-7.png\" alt=\"l-etre-au-corps-7\" width=\"760\" height=\"472\" srcset=\"http:\/\/www.compagniechantalgondang.com\/wp-content\/uploads\/2016\/08\/l-etre-au-corps-7.png 760w, http:\/\/www.compagniechantalgondang.com\/wp-content\/uploads\/2016\/08\/l-etre-au-corps-7-300x186.png 300w\" sizes=\"(max-width: 760px) 100vw, 760px\" \/><\/p>\n<\/div>\n<div class=\"column\">\n<h3>PROCESSUS ARTISTIQUE<\/h3>\n<p style=\"text-align: justify;\">Chaque tableau est construit suivant le me\u0302me sche\u0301ma.<br \/>\nLe \u00abfil rouge\u00bb est la danse, qui exprime les sentiments e\u0301voque\u0301s. Le chant lyrique incarne le the\u0300me de chaque tableau.<\/p>\n<p style=\"text-align: justify;\">La chore\u0301graphie est construite en fonction de l\u2019e\u0301tat de de\u0301veloppement du corps et des sentiments que cet e\u0301tat implique.<br \/>\nLa musique est choisie tour a\u0300 tour pour entrer en re\u0301sonance avec le public et pour le surprendre, en fonction des e\u0301motions a\u0300 faire e\u0301maner. Le spectateur pourra entendre de la musique originelle ou transforme\u0301e, d\u2019un grand air d\u2019ope\u0301ra italien a\u0300 une composition contemporaine.<\/p>\n<p style=\"text-align: justify;\">Les artistes de chaque discipline travaillent en amont de manie\u0300re individuelle pour leur recherche propre, puis de manie\u0300re collective pour la re\u0301alisation du spectacle. Nous tenons absolument a\u0300 ce que les disciplines ne soient pas superpose\u0301es, mais entrecroise\u0301es, en osmose, formant un tout.<\/p>\n<p style=\"text-align: justify;\"><img loading=\"lazy\" decoding=\"async\" class=\"wp-image-252 size-large aligncenter\" src=\"http:\/\/www.compagniechantalgondang.com\/wp-content\/uploads\/2016\/08\/l-etre-au-corps-8-1024x683.jpg\" alt=\"l-etre-au-corps-8\" width=\"640\" height=\"427\" srcset=\"http:\/\/www.compagniechantalgondang.com\/wp-content\/uploads\/2016\/08\/l-etre-au-corps-8-1024x683.jpg 1024w, http:\/\/www.compagniechantalgondang.com\/wp-content\/uploads\/2016\/08\/l-etre-au-corps-8-300x200.jpg 300w, http:\/\/www.compagniechantalgondang.com\/wp-content\/uploads\/2016\/08\/l-etre-au-corps-8-768x512.jpg 768w\" sizes=\"(max-width: 640px) 100vw, 640px\" \/><\/p>\n<\/div>\n<h3>REPR\u00c9SENTATIONS<\/h3>\n<ul>\n<li>Le-Perreux-Sur-Marne, Centre des Bords de Marne \u2013 26 mai 2012<\/li>\n<li>Le Plessis-Tr\u00e9vise, Espace Paul Val\u00e9ry (94) \u2013 12 avril 2012<\/li>\n<li>Le Plessis-Tr\u00e9vise, Espace Paul Val\u00e9ry (94) \u201316 juin 2011<\/li>\n<\/ul>\n<p>&nbsp;<\/p>\n<div id='gallery-1' class='gallery galleryid-108 gallery-columns-4 gallery-size-thumbnail'><figure class='gallery-item'>\n\t\t\t<div class='gallery-icon landscape'>\n\t\t\t\t<a href='http:\/\/www.compagniechantalgondang.com\/?attachment_id=31'><img loading=\"lazy\" decoding=\"async\" width=\"150\" height=\"150\" src=\"http:\/\/www.compagniechantalgondang.com\/wp-content\/uploads\/2016\/07\/le\u0302tre-au-corps-150x150.jpg\" class=\"attachment-thumbnail size-thumbnail\" alt=\"\" srcset=\"http:\/\/www.compagniechantalgondang.com\/wp-content\/uploads\/2016\/07\/le\u0302tre-au-corps-150x150.jpg 150w, http:\/\/www.compagniechantalgondang.com\/wp-content\/uploads\/2016\/07\/le\u0302tre-au-corps-400x400.jpg 400w\" sizes=\"(max-width: 150px) 100vw, 150px\" \/><\/a>\n\t\t\t<\/div><\/figure><figure class='gallery-item'>\n\t\t\t<div class='gallery-icon landscape'>\n\t\t\t\t<a href='http:\/\/www.compagniechantalgondang.com\/?attachment_id=252'><img loading=\"lazy\" decoding=\"async\" width=\"150\" height=\"150\" src=\"http:\/\/www.compagniechantalgondang.com\/wp-content\/uploads\/2016\/08\/l-etre-au-corps-8-150x150.jpg\" class=\"attachment-thumbnail size-thumbnail\" alt=\"\" srcset=\"http:\/\/www.compagniechantalgondang.com\/wp-content\/uploads\/2016\/08\/l-etre-au-corps-8-150x150.jpg 150w, http:\/\/www.compagniechantalgondang.com\/wp-content\/uploads\/2016\/08\/l-etre-au-corps-8-400x400.jpg 400w\" sizes=\"(max-width: 150px) 100vw, 150px\" \/><\/a>\n\t\t\t<\/div><\/figure><figure class='gallery-item'>\n\t\t\t<div class='gallery-icon landscape'>\n\t\t\t\t<a href='http:\/\/www.compagniechantalgondang.com\/?attachment_id=250'><img loading=\"lazy\" decoding=\"async\" width=\"150\" height=\"150\" src=\"http:\/\/www.compagniechantalgondang.com\/wp-content\/uploads\/2016\/08\/l-etre-au-corps-6-150x150.png\" class=\"attachment-thumbnail size-thumbnail\" alt=\"\" srcset=\"http:\/\/www.compagniechantalgondang.com\/wp-content\/uploads\/2016\/08\/l-etre-au-corps-6-150x150.png 150w, http:\/\/www.compagniechantalgondang.com\/wp-content\/uploads\/2016\/08\/l-etre-au-corps-6-400x400.png 400w\" sizes=\"(max-width: 150px) 100vw, 150px\" \/><\/a>\n\t\t\t<\/div><\/figure><figure class='gallery-item'>\n\t\t\t<div class='gallery-icon landscape'>\n\t\t\t\t<a href='http:\/\/www.compagniechantalgondang.com\/?attachment_id=246'><img loading=\"lazy\" decoding=\"async\" width=\"150\" height=\"150\" src=\"http:\/\/www.compagniechantalgondang.com\/wp-content\/uploads\/2016\/08\/l-etre-au-corps-2-150x150.jpg\" class=\"attachment-thumbnail size-thumbnail\" alt=\"\" srcset=\"http:\/\/www.compagniechantalgondang.com\/wp-content\/uploads\/2016\/08\/l-etre-au-corps-2-150x150.jpg 150w, http:\/\/www.compagniechantalgondang.com\/wp-content\/uploads\/2016\/08\/l-etre-au-corps-2-400x400.jpg 400w\" sizes=\"(max-width: 150px) 100vw, 150px\" \/><\/a>\n\t\t\t<\/div><\/figure><figure class='gallery-item'>\n\t\t\t<div class='gallery-icon landscape'>\n\t\t\t\t<a href='http:\/\/www.compagniechantalgondang.com\/?attachment_id=249'><img loading=\"lazy\" decoding=\"async\" width=\"150\" height=\"150\" src=\"http:\/\/www.compagniechantalgondang.com\/wp-content\/uploads\/2016\/08\/l-etre-au-corps-5-150x150.jpg\" class=\"attachment-thumbnail size-thumbnail\" alt=\"\" srcset=\"http:\/\/www.compagniechantalgondang.com\/wp-content\/uploads\/2016\/08\/l-etre-au-corps-5-150x150.jpg 150w, http:\/\/www.compagniechantalgondang.com\/wp-content\/uploads\/2016\/08\/l-etre-au-corps-5-400x400.jpg 400w\" sizes=\"(max-width: 150px) 100vw, 150px\" \/><\/a>\n\t\t\t<\/div><\/figure><figure class='gallery-item'>\n\t\t\t<div class='gallery-icon landscape'>\n\t\t\t\t<a href='http:\/\/www.compagniechantalgondang.com\/?attachment_id=251'><img loading=\"lazy\" decoding=\"async\" width=\"150\" height=\"150\" src=\"http:\/\/www.compagniechantalgondang.com\/wp-content\/uploads\/2016\/08\/l-etre-au-corps-7-150x150.png\" class=\"attachment-thumbnail size-thumbnail\" alt=\"\" srcset=\"http:\/\/www.compagniechantalgondang.com\/wp-content\/uploads\/2016\/08\/l-etre-au-corps-7-150x150.png 150w, http:\/\/www.compagniechantalgondang.com\/wp-content\/uploads\/2016\/08\/l-etre-au-corps-7-400x400.png 400w\" sizes=\"(max-width: 150px) 100vw, 150px\" \/><\/a>\n\t\t\t<\/div><\/figure><figure class='gallery-item'>\n\t\t\t<div class='gallery-icon landscape'>\n\t\t\t\t<a href='http:\/\/www.compagniechantalgondang.com\/?attachment_id=247'><img loading=\"lazy\" decoding=\"async\" width=\"150\" height=\"150\" src=\"http:\/\/www.compagniechantalgondang.com\/wp-content\/uploads\/2016\/08\/l-etre-au-corps-3-150x150.jpg\" class=\"attachment-thumbnail size-thumbnail\" alt=\"\" srcset=\"http:\/\/www.compagniechantalgondang.com\/wp-content\/uploads\/2016\/08\/l-etre-au-corps-3-150x150.jpg 150w, http:\/\/www.compagniechantalgondang.com\/wp-content\/uploads\/2016\/08\/l-etre-au-corps-3-400x400.jpg 400w\" sizes=\"(max-width: 150px) 100vw, 150px\" \/><\/a>\n\t\t\t<\/div><\/figure><figure class='gallery-item'>\n\t\t\t<div class='gallery-icon landscape'>\n\t\t\t\t<a href='http:\/\/www.compagniechantalgondang.com\/?attachment_id=248'><img loading=\"lazy\" decoding=\"async\" width=\"150\" height=\"150\" src=\"http:\/\/www.compagniechantalgondang.com\/wp-content\/uploads\/2016\/08\/l-etre-au-corps-4-150x150.jpg\" class=\"attachment-thumbnail size-thumbnail\" alt=\"\" \/><\/a>\n\t\t\t<\/div><\/figure>\n\t\t<\/div>\n\n<p>&nbsp;<\/p>\n","protected":false},"excerpt":{"rendered":"<p>L&rsquo;\u00catre au Corps a \u00e9t\u00e9 cr\u00e9\u00e9 en r\u00e9sidence \u00e0 l&rsquo;Espace Paul Val\u00e9ry (Le Plessis-Tr\u00e9vise, 94, [&hellip;]<\/p>\n","protected":false},"author":1,"featured_media":197,"parent":0,"menu_order":0,"comment_status":"closed","ping_status":"closed","template":"template-page-fullwidth.php","meta":{"footnotes":""},"_links":{"self":[{"href":"http:\/\/www.compagniechantalgondang.com\/index.php?rest_route=\/wp\/v2\/pages\/108"}],"collection":[{"href":"http:\/\/www.compagniechantalgondang.com\/index.php?rest_route=\/wp\/v2\/pages"}],"about":[{"href":"http:\/\/www.compagniechantalgondang.com\/index.php?rest_route=\/wp\/v2\/types\/page"}],"author":[{"embeddable":true,"href":"http:\/\/www.compagniechantalgondang.com\/index.php?rest_route=\/wp\/v2\/users\/1"}],"replies":[{"embeddable":true,"href":"http:\/\/www.compagniechantalgondang.com\/index.php?rest_route=%2Fwp%2Fv2%2Fcomments&post=108"}],"version-history":[{"count":9,"href":"http:\/\/www.compagniechantalgondang.com\/index.php?rest_route=\/wp\/v2\/pages\/108\/revisions"}],"predecessor-version":[{"id":309,"href":"http:\/\/www.compagniechantalgondang.com\/index.php?rest_route=\/wp\/v2\/pages\/108\/revisions\/309"}],"wp:featuredmedia":[{"embeddable":true,"href":"http:\/\/www.compagniechantalgondang.com\/index.php?rest_route=\/wp\/v2\/media\/197"}],"wp:attachment":[{"href":"http:\/\/www.compagniechantalgondang.com\/index.php?rest_route=%2Fwp%2Fv2%2Fmedia&parent=108"}],"curies":[{"name":"wp","href":"https:\/\/api.w.org\/{rel}","templated":true}]}}